{"id":16453,"date":"2026-01-13T20:02:49","date_gmt":"2026-01-13T20:02:49","guid":{"rendered":"https:\/\/creakary.cl\/?post_type=product&#038;p=16453"},"modified":"2026-01-15T21:34:14","modified_gmt":"2026-01-15T21:34:14","slug":"joyas-bordadas-aros-latido-azul","status":"publish","type":"product","link":"https:\/\/creakary.cl\/index.php\/product\/joyas-bordadas-aros-latido-azul\/","title":{"rendered":"Joyas bordadas Aros Latido azul"},"content":{"rendered":"","protected":false},"excerpt":{"rendered":"<div class=\"flex max-w-full flex-col grow\">\n<div class=\"min-h-8 text-message relative flex w-full flex-col items-end gap-2 text-start break-words whitespace-normal [.text-message+&amp;]:mt-1\" dir=\"auto\" data-message-author-role=\"assistant\" data-message-id=\"3e93b9d7-f09f-4d48-936c-0c72f467ee90\" data-message-model-slug=\"gpt-5-2\">\n<div class=\"flex w-full flex-col gap-1 empty:hidden first:pt-[1px]\">\n<div class=\"markdown prose dark:prose-invert w-full break-words light markdown-new-styling\">\n<ul>\n<li>Aros Latido Azul<\/li>\n<li>Descripci\u00f3n:\u00a0 Aros bordados a mano con una flor azul sobre una base en forma de coraz\u00f3n,\u00a0 s\u00edmbolo de amor sereno, calma y conexi\u00f3n. Cada pieza es \u00fanica, creada puntada a puntada y transformada en una joya delicada y llena de significado. Bordados con hilos\u00a0 metalizados.<\/li>\n<li>Di\u00e1metro del bordado: 1,4 cms.<\/li>\n<li>Caracter\u00edsticas: Ganchos de plata<\/li>\n<\/ul>\n<\/div>\n<\/div>\n<\/div>\n<\/div>\n","protected":false},"featured_media":16457,"comment_status":"open","ping_status":"closed","template":"","meta":{"_joinchat":[]},"product_brand":[],"product_cat":[70,20],"product_tag":[],"class_list":{"0":"post-16453","1":"product","2":"type-product","3":"status-publish","4":"has-post-thumbnail","6":"product_cat-aros","7":"product_cat-joyas-bordadas","9":"first","10":"instock","11":"taxable","12":"shipping-taxable","13":"purchasable","14":"product-type-simple"},"yoast_head":"<!-- This site is optimized with the Yoast SEO plugin v26.6 - https:\/\/yoast.com\/wordpress\/plugins\/seo\/ -->\n<title>Joyas bordadas Aros Latido azul - Crea Kary<\/title>\n<meta name=\"description\" content=\"Joyas bordadas Aros Latido azul - Crea Kary Aros Latido Azul bordados a mano con hilos\u00a0 metalizados, con ganchos de plata.\" \/>\n<meta name=\"robots\" content=\"index, follow, max-snippet:-1, max-image-preview:large, max-video-preview:-1\" \/>\n<link rel=\"canonical\" href=\"https:\/\/creakary.cl\/index.php\/product\/joyas-bordadas-aros-latido-azul\/\" \/>\n<meta property=\"og:locale\" content=\"es_ES\" \/>\n<meta property=\"og:type\" content=\"article\" \/>\n<meta property=\"og:title\" content=\"Joyas bordadas Aros Latido azul - Crea Kary\" \/>\n<meta property=\"og:description\" content=\"Joyas bordadas Aros Latido azul - Crea Kary Aros Latido Azul bordados a mano con hilos\u00a0 metalizados, con ganchos de plata.\" \/>\n<meta property=\"og:url\" content=\"https:\/\/creakary.cl\/index.php\/product\/joyas-bordadas-aros-latido-azul\/\" \/>\n<meta property=\"og:site_name\" content=\"Crea Kary\" \/>\n<meta property=\"article:modified_time\" content=\"2026-01-15T21:34:14+00:00\" \/>\n<meta property=\"og:image\" content=\"https:\/\/creakary.cl\/wp-content\/uploads\/2026\/01\/20260113_165807-scaled.jpg\" \/>\n\t<meta property=\"og:image:width\" content=\"1920\" \/>\n\t<meta property=\"og:image:height\" content=\"2560\" \/>\n\t<meta property=\"og:image:type\" content=\"image\/jpeg\" \/>\n<meta name=\"twitter:card\" content=\"summary_large_image\" \/>\n<meta name=\"twitter:label1\" content=\"Tiempo de lectura\" \/>\n\t<meta name=\"twitter:data1\" content=\"1 minuto\" \/>\n<script type=\"application\/ld+json\" class=\"yoast-schema-graph\">{\"@context\":\"https:\/\/schema.org\",\"@graph\":[{\"@type\":\"WebPage\",\"@id\":\"https:\/\/creakary.cl\/index.php\/product\/joyas-bordadas-aros-latido-azul\/\",\"url\":\"https:\/\/creakary.cl\/index.php\/product\/joyas-bordadas-aros-latido-azul\/\",\"name\":\"Joyas bordadas Aros Latido azul - Crea Kary\",\"isPartOf\":{\"@id\":\"https:\/\/creakary.cl\/#website\"},\"primaryImageOfPage\":{\"@id\":\"https:\/\/creakary.cl\/index.php\/product\/joyas-bordadas-aros-latido-azul\/#primaryimage\"},\"image\":{\"@id\":\"https:\/\/creakary.cl\/index.php\/product\/joyas-bordadas-aros-latido-azul\/#primaryimage\"},\"thumbnailUrl\":\"https:\/\/creakary.cl\/wp-content\/uploads\/2026\/01\/20260113_165807-scaled.jpg\",\"datePublished\":\"2026-01-13T20:02:49+00:00\",\"dateModified\":\"2026-01-15T21:34:14+00:00\",\"description\":\"Joyas bordadas Aros Latido azul - Crea Kary Aros Latido Azul bordados a mano con hilos\u00a0 metalizados, con ganchos de plata.\",\"breadcrumb\":{\"@id\":\"https:\/\/creakary.cl\/index.php\/product\/joyas-bordadas-aros-latido-azul\/#breadcrumb\"},\"inLanguage\":\"es\",\"potentialAction\":[{\"@type\":\"ReadAction\",\"target\":[\"https:\/\/creakary.cl\/index.php\/product\/joyas-bordadas-aros-latido-azul\/\"]}]},{\"@type\":\"ImageObject\",\"inLanguage\":\"es\",\"@id\":\"https:\/\/creakary.cl\/index.php\/product\/joyas-bordadas-aros-latido-azul\/#primaryimage\",\"url\":\"https:\/\/creakary.cl\/wp-content\/uploads\/2026\/01\/20260113_165807-scaled.jpg\",\"contentUrl\":\"https:\/\/creakary.cl\/wp-content\/uploads\/2026\/01\/20260113_165807-scaled.jpg\",\"width\":1920,\"height\":2560},{\"@type\":\"BreadcrumbList\",\"@id\":\"https:\/\/creakary.cl\/index.php\/product\/joyas-bordadas-aros-latido-azul\/#breadcrumb\",\"itemListElement\":[{\"@type\":\"ListItem\",\"position\":1,\"name\":\"Portada\",\"item\":\"https:\/\/creakary.cl\/\"},{\"@type\":\"ListItem\",\"position\":2,\"name\":\"Tienda\",\"item\":\"https:\/\/creakary.cl\/index.php\/tienda\/\"},{\"@type\":\"ListItem\",\"position\":3,\"name\":\"Joyas bordadas Aros Latido azul\"}]},{\"@type\":\"WebSite\",\"@id\":\"https:\/\/creakary.cl\/#website\",\"url\":\"https:\/\/creakary.cl\/\",\"name\":\"Crea Kary\",\"description\":\"Bordados a Mano\",\"potentialAction\":[{\"@type\":\"SearchAction\",\"target\":{\"@type\":\"EntryPoint\",\"urlTemplate\":\"https:\/\/creakary.cl\/?s={search_term_string}\"},\"query-input\":{\"@type\":\"PropertyValueSpecification\",\"valueRequired\":true,\"valueName\":\"search_term_string\"}}],\"inLanguage\":\"es\"}]}<\/script>\n<!-- \/ Yoast SEO plugin. -->","yoast_head_json":{"title":"Joyas bordadas Aros Latido azul - Crea Kary","description":"Joyas bordadas Aros Latido azul - Crea Kary Aros Latido Azul bordados a mano con hilos\u00a0 metalizados, con ganchos de plata.","robots":{"index":"index","follow":"follow","max-snippet":"max-snippet:-1","max-image-preview":"max-image-preview:large","max-video-preview":"max-video-preview:-1"},"canonical":"https:\/\/creakary.cl\/index.php\/product\/joyas-bordadas-aros-latido-azul\/","og_locale":"es_ES","og_type":"article","og_title":"Joyas bordadas Aros Latido azul - Crea Kary","og_description":"Joyas bordadas Aros Latido azul - Crea Kary Aros Latido Azul bordados a mano con hilos\u00a0 metalizados, con ganchos de plata.","og_url":"https:\/\/creakary.cl\/index.php\/product\/joyas-bordadas-aros-latido-azul\/","og_site_name":"Crea Kary","article_modified_time":"2026-01-15T21:34:14+00:00","og_image":[{"width":1920,"height":2560,"url":"https:\/\/creakary.cl\/wp-content\/uploads\/2026\/01\/20260113_165807-scaled.jpg","type":"image\/jpeg"}],"twitter_card":"summary_large_image","twitter_misc":{"Tiempo de lectura":"1 minuto"},"schema":{"@context":"https:\/\/schema.org","@graph":[{"@type":"WebPage","@id":"https:\/\/creakary.cl\/index.php\/product\/joyas-bordadas-aros-latido-azul\/","url":"https:\/\/creakary.cl\/index.php\/product\/joyas-bordadas-aros-latido-azul\/","name":"Joyas bordadas Aros Latido azul - Crea Kary","isPartOf":{"@id":"https:\/\/creakary.cl\/#website"},"primaryImageOfPage":{"@id":"https:\/\/creakary.cl\/index.php\/product\/joyas-bordadas-aros-latido-azul\/#primaryimage"},"image":{"@id":"https:\/\/creakary.cl\/index.php\/product\/joyas-bordadas-aros-latido-azul\/#primaryimage"},"thumbnailUrl":"https:\/\/creakary.cl\/wp-content\/uploads\/2026\/01\/20260113_165807-scaled.jpg","datePublished":"2026-01-13T20:02:49+00:00","dateModified":"2026-01-15T21:34:14+00:00","description":"Joyas bordadas Aros Latido azul - Crea Kary Aros Latido Azul bordados a mano con hilos\u00a0 metalizados, con ganchos de plata.","breadcrumb":{"@id":"https:\/\/creakary.cl\/index.php\/product\/joyas-bordadas-aros-latido-azul\/#breadcrumb"},"inLanguage":"es","potentialAction":[{"@type":"ReadAction","target":["https:\/\/creakary.cl\/index.php\/product\/joyas-bordadas-aros-latido-azul\/"]}]},{"@type":"ImageObject","inLanguage":"es","@id":"https:\/\/creakary.cl\/index.php\/product\/joyas-bordadas-aros-latido-azul\/#primaryimage","url":"https:\/\/creakary.cl\/wp-content\/uploads\/2026\/01\/20260113_165807-scaled.jpg","contentUrl":"https:\/\/creakary.cl\/wp-content\/uploads\/2026\/01\/20260113_165807-scaled.jpg","width":1920,"height":2560},{"@type":"BreadcrumbList","@id":"https:\/\/creakary.cl\/index.php\/product\/joyas-bordadas-aros-latido-azul\/#breadcrumb","itemListElement":[{"@type":"ListItem","position":1,"name":"Portada","item":"https:\/\/creakary.cl\/"},{"@type":"ListItem","position":2,"name":"Tienda","item":"https:\/\/creakary.cl\/index.php\/tienda\/"},{"@type":"ListItem","position":3,"name":"Joyas bordadas Aros Latido azul"}]},{"@type":"WebSite","@id":"https:\/\/creakary.cl\/#website","url":"https:\/\/creakary.cl\/","name":"Crea Kary","description":"Bordados a Mano","potentialAction":[{"@type":"SearchAction","target":{"@type":"EntryPoint","urlTemplate":"https:\/\/creakary.cl\/?s={search_term_string}"},"query-input":{"@type":"PropertyValueSpecification","valueRequired":true,"valueName":"search_term_string"}}],"inLanguage":"es"}]}},"_links":{"self":[{"href":"https:\/\/creakary.cl\/index.php\/wp-json\/wp\/v2\/product\/16453","targetHints":{"allow":["GET"]}}],"collection":[{"href":"https:\/\/creakary.cl\/index.php\/wp-json\/wp\/v2\/product"}],"about":[{"href":"https:\/\/creakary.cl\/index.php\/wp-json\/wp\/v2\/types\/product"}],"replies":[{"embeddable":true,"href":"https:\/\/creakary.cl\/index.php\/wp-json\/wp\/v2\/comments?post=16453"}],"version-history":[{"count":1,"href":"https:\/\/creakary.cl\/index.php\/wp-json\/wp\/v2\/product\/16453\/revisions"}],"predecessor-version":[{"id":16458,"href":"https:\/\/creakary.cl\/index.php\/wp-json\/wp\/v2\/product\/16453\/revisions\/16458"}],"wp:featuredmedia":[{"embeddable":true,"href":"https:\/\/creakary.cl\/index.php\/wp-json\/wp\/v2\/media\/16457"}],"wp:attachment":[{"href":"https:\/\/creakary.cl\/index.php\/wp-json\/wp\/v2\/media?parent=16453"}],"wp:term":[{"taxonomy":"product_brand","embeddable":true,"href":"https:\/\/creakary.cl\/index.php\/wp-json\/wp\/v2\/product_brand?post=16453"},{"taxonomy":"product_cat","embeddable":true,"href":"https:\/\/creakary.cl\/index.php\/wp-json\/wp\/v2\/product_cat?post=16453"},{"taxonomy":"product_tag","embeddable":true,"href":"https:\/\/creakary.cl\/index.php\/wp-json\/wp\/v2\/product_tag?post=16453"}],"curies":[{"name":"wp","href":"https:\/\/api.w.org\/{rel}","templated":true}]}}