{"id":16023,"date":"2025-12-29T13:44:49","date_gmt":"2025-12-29T13:44:49","guid":{"rendered":"https:\/\/creakary.cl\/?post_type=product&#038;p=16023"},"modified":"2026-01-14T15:09:59","modified_gmt":"2026-01-14T15:09:59","slug":"joyas-bordadas-microbordado","status":"publish","type":"product","link":"https:\/\/creakary.cl\/index.php\/product\/joyas-bordadas-microbordado\/","title":{"rendered":"Joyas bordadas (microbordado)"},"content":{"rendered":"","protected":false},"excerpt":{"rendered":"<p>\u00bfTe gustar\u00eda llevar un dise\u00f1o especial, o a tu mascota, convertida en una joya bordada personalizada?<\/p>\n<p>Cada pieza es realizada completamente a mano, transformando un bordado en una joya \u00fanica, pensada para acompa\u00f1arte todos los d\u00edas.<\/p>\n<p>\u00bfC\u00f3mo funciona?<\/p>\n<ul>\n<li>Env\u00eda fotograf\u00edas de buena calidad, bien iluminadas y n\u00edtidas (en mascotas idealmente de frente para captar su expresi\u00f3n).<\/li>\n<li>Si solo tienes una inspiraci\u00f3n o concepto, cu\u00e9ntamelo y te ayudar\u00e9 proponiendo opciones de dise\u00f1o.<\/li>\n<li>Revisamos juntos el dise\u00f1o, formato de joya (colgante, anillo, pulsera, aros, prendedor o conjunto), base de la joya, color del fondo y tiempo de elaboraci\u00f3n.<\/li>\n<li>Para confirmar el pedido se solicita un abono del 50%.<\/li>\n<li>El saldo restante se paga antes de la entrega o despacho.<\/li>\n<\/ul>\n<p>Importante<\/p>\n<ul>\n<li>El valor final depende del dise\u00f1o y tipo de joya.<\/li>\n<li>Los tiempos de elaboraci\u00f3n var\u00edan seg\u00fan el proyecto.<\/li>\n<li>Al ser un trabajo artesanal, cada joya es \u00fanica y puede presentar leves variaciones.<\/li>\n<\/ul>\n","protected":false},"featured_media":16080,"comment_status":"open","ping_status":"closed","template":"","meta":{"_joinchat":[]},"product_brand":[],"product_cat":[53],"product_tag":[],"class_list":{"0":"post-16023","1":"product","2":"type-product","3":"status-publish","4":"has-post-thumbnail","6":"product_cat-pedidos-personalizados","8":"first","9":"onbackorder","10":"taxable","11":"shipping-taxable","12":"product-type-simple"},"yoast_head":"<!-- This site is optimized with the Yoast SEO plugin v26.6 - https:\/\/yoast.com\/wordpress\/plugins\/seo\/ -->\n<title>Joyas bordadas (microbordado) - Crea Kary<\/title>\n<meta name=\"description\" content=\"Joyas bordadas (microbordado) - Crea Kary\" \/>\n<meta name=\"robots\" content=\"index, follow, max-snippet:-1, max-image-preview:large, max-video-preview:-1\" \/>\n<link rel=\"canonical\" href=\"https:\/\/creakary.cl\/index.php\/product\/joyas-bordadas-microbordado\/\" \/>\n<meta property=\"og:locale\" content=\"es_ES\" \/>\n<meta property=\"og:type\" content=\"article\" \/>\n<meta property=\"og:title\" content=\"Joyas bordadas (microbordado) - Crea Kary\" \/>\n<meta property=\"og:description\" content=\"Joyas bordadas (microbordado) - Crea Kary\" \/>\n<meta property=\"og:url\" content=\"https:\/\/creakary.cl\/index.php\/product\/joyas-bordadas-microbordado\/\" \/>\n<meta property=\"og:site_name\" content=\"Crea Kary\" \/>\n<meta property=\"article:modified_time\" content=\"2026-01-14T15:09:59+00:00\" \/>\n<meta property=\"og:image\" content=\"https:\/\/creakary.cl\/wp-content\/uploads\/2025\/12\/productos-14-800x800.png\" \/>\n\t<meta property=\"og:image:width\" content=\"800\" \/>\n\t<meta property=\"og:image:height\" content=\"800\" \/>\n\t<meta property=\"og:image:type\" content=\"image\/png\" \/>\n<meta name=\"twitter:card\" content=\"summary_large_image\" \/>\n<meta name=\"twitter:label1\" content=\"Tiempo de lectura\" \/>\n\t<meta name=\"twitter:data1\" content=\"1 minuto\" \/>\n<script type=\"application\/ld+json\" class=\"yoast-schema-graph\">{\"@context\":\"https:\/\/schema.org\",\"@graph\":[{\"@type\":\"WebPage\",\"@id\":\"https:\/\/creakary.cl\/index.php\/product\/joyas-bordadas-microbordado\/\",\"url\":\"https:\/\/creakary.cl\/index.php\/product\/joyas-bordadas-microbordado\/\",\"name\":\"Joyas bordadas (microbordado) - Crea Kary\",\"isPartOf\":{\"@id\":\"https:\/\/creakary.cl\/#website\"},\"primaryImageOfPage\":{\"@id\":\"https:\/\/creakary.cl\/index.php\/product\/joyas-bordadas-microbordado\/#primaryimage\"},\"image\":{\"@id\":\"https:\/\/creakary.cl\/index.php\/product\/joyas-bordadas-microbordado\/#primaryimage\"},\"thumbnailUrl\":\"https:\/\/creakary.cl\/wp-content\/uploads\/2025\/12\/productos-14.png\",\"datePublished\":\"2025-12-29T13:44:49+00:00\",\"dateModified\":\"2026-01-14T15:09:59+00:00\",\"description\":\"Joyas bordadas (microbordado) - Crea Kary\",\"breadcrumb\":{\"@id\":\"https:\/\/creakary.cl\/index.php\/product\/joyas-bordadas-microbordado\/#breadcrumb\"},\"inLanguage\":\"es\",\"potentialAction\":[{\"@type\":\"ReadAction\",\"target\":[\"https:\/\/creakary.cl\/index.php\/product\/joyas-bordadas-microbordado\/\"]}]},{\"@type\":\"ImageObject\",\"inLanguage\":\"es\",\"@id\":\"https:\/\/creakary.cl\/index.php\/product\/joyas-bordadas-microbordado\/#primaryimage\",\"url\":\"https:\/\/creakary.cl\/wp-content\/uploads\/2025\/12\/productos-14.png\",\"contentUrl\":\"https:\/\/creakary.cl\/wp-content\/uploads\/2025\/12\/productos-14.png\",\"width\":1080,\"height\":1080},{\"@type\":\"BreadcrumbList\",\"@id\":\"https:\/\/creakary.cl\/index.php\/product\/joyas-bordadas-microbordado\/#breadcrumb\",\"itemListElement\":[{\"@type\":\"ListItem\",\"position\":1,\"name\":\"Portada\",\"item\":\"https:\/\/creakary.cl\/\"},{\"@type\":\"ListItem\",\"position\":2,\"name\":\"Tienda\",\"item\":\"https:\/\/creakary.cl\/index.php\/tienda\/\"},{\"@type\":\"ListItem\",\"position\":3,\"name\":\"Joyas bordadas (microbordado)\"}]},{\"@type\":\"WebSite\",\"@id\":\"https:\/\/creakary.cl\/#website\",\"url\":\"https:\/\/creakary.cl\/\",\"name\":\"Crea Kary\",\"description\":\"Bordados a Mano\",\"potentialAction\":[{\"@type\":\"SearchAction\",\"target\":{\"@type\":\"EntryPoint\",\"urlTemplate\":\"https:\/\/creakary.cl\/?s={search_term_string}\"},\"query-input\":{\"@type\":\"PropertyValueSpecification\",\"valueRequired\":true,\"valueName\":\"search_term_string\"}}],\"inLanguage\":\"es\"}]}<\/script>\n<!-- \/ Yoast SEO plugin. -->","yoast_head_json":{"title":"Joyas bordadas (microbordado) - Crea Kary","description":"Joyas bordadas (microbordado) - Crea Kary","robots":{"index":"index","follow":"follow","max-snippet":"max-snippet:-1","max-image-preview":"max-image-preview:large","max-video-preview":"max-video-preview:-1"},"canonical":"https:\/\/creakary.cl\/index.php\/product\/joyas-bordadas-microbordado\/","og_locale":"es_ES","og_type":"article","og_title":"Joyas bordadas (microbordado) - Crea Kary","og_description":"Joyas bordadas (microbordado) - Crea Kary","og_url":"https:\/\/creakary.cl\/index.php\/product\/joyas-bordadas-microbordado\/","og_site_name":"Crea Kary","article_modified_time":"2026-01-14T15:09:59+00:00","og_image":[{"width":800,"height":800,"url":"https:\/\/creakary.cl\/wp-content\/uploads\/2025\/12\/productos-14-800x800.png","type":"image\/png"}],"twitter_card":"summary_large_image","twitter_misc":{"Tiempo de lectura":"1 minuto"},"schema":{"@context":"https:\/\/schema.org","@graph":[{"@type":"WebPage","@id":"https:\/\/creakary.cl\/index.php\/product\/joyas-bordadas-microbordado\/","url":"https:\/\/creakary.cl\/index.php\/product\/joyas-bordadas-microbordado\/","name":"Joyas bordadas (microbordado) - Crea Kary","isPartOf":{"@id":"https:\/\/creakary.cl\/#website"},"primaryImageOfPage":{"@id":"https:\/\/creakary.cl\/index.php\/product\/joyas-bordadas-microbordado\/#primaryimage"},"image":{"@id":"https:\/\/creakary.cl\/index.php\/product\/joyas-bordadas-microbordado\/#primaryimage"},"thumbnailUrl":"https:\/\/creakary.cl\/wp-content\/uploads\/2025\/12\/productos-14.png","datePublished":"2025-12-29T13:44:49+00:00","dateModified":"2026-01-14T15:09:59+00:00","description":"Joyas bordadas (microbordado) - Crea Kary","breadcrumb":{"@id":"https:\/\/creakary.cl\/index.php\/product\/joyas-bordadas-microbordado\/#breadcrumb"},"inLanguage":"es","potentialAction":[{"@type":"ReadAction","target":["https:\/\/creakary.cl\/index.php\/product\/joyas-bordadas-microbordado\/"]}]},{"@type":"ImageObject","inLanguage":"es","@id":"https:\/\/creakary.cl\/index.php\/product\/joyas-bordadas-microbordado\/#primaryimage","url":"https:\/\/creakary.cl\/wp-content\/uploads\/2025\/12\/productos-14.png","contentUrl":"https:\/\/creakary.cl\/wp-content\/uploads\/2025\/12\/productos-14.png","width":1080,"height":1080},{"@type":"BreadcrumbList","@id":"https:\/\/creakary.cl\/index.php\/product\/joyas-bordadas-microbordado\/#breadcrumb","itemListElement":[{"@type":"ListItem","position":1,"name":"Portada","item":"https:\/\/creakary.cl\/"},{"@type":"ListItem","position":2,"name":"Tienda","item":"https:\/\/creakary.cl\/index.php\/tienda\/"},{"@type":"ListItem","position":3,"name":"Joyas bordadas (microbordado)"}]},{"@type":"WebSite","@id":"https:\/\/creakary.cl\/#website","url":"https:\/\/creakary.cl\/","name":"Crea Kary","description":"Bordados a Mano","potentialAction":[{"@type":"SearchAction","target":{"@type":"EntryPoint","urlTemplate":"https:\/\/creakary.cl\/?s={search_term_string}"},"query-input":{"@type":"PropertyValueSpecification","valueRequired":true,"valueName":"search_term_string"}}],"inLanguage":"es"}]}},"_links":{"self":[{"href":"https:\/\/creakary.cl\/index.php\/wp-json\/wp\/v2\/product\/16023","targetHints":{"allow":["GET"]}}],"collection":[{"href":"https:\/\/creakary.cl\/index.php\/wp-json\/wp\/v2\/product"}],"about":[{"href":"https:\/\/creakary.cl\/index.php\/wp-json\/wp\/v2\/types\/product"}],"replies":[{"embeddable":true,"href":"https:\/\/creakary.cl\/index.php\/wp-json\/wp\/v2\/comments?post=16023"}],"version-history":[{"count":3,"href":"https:\/\/creakary.cl\/index.php\/wp-json\/wp\/v2\/product\/16023\/revisions"}],"predecessor-version":[{"id":16079,"href":"https:\/\/creakary.cl\/index.php\/wp-json\/wp\/v2\/product\/16023\/revisions\/16079"}],"wp:featuredmedia":[{"embeddable":true,"href":"https:\/\/creakary.cl\/index.php\/wp-json\/wp\/v2\/media\/16080"}],"wp:attachment":[{"href":"https:\/\/creakary.cl\/index.php\/wp-json\/wp\/v2\/media?parent=16023"}],"wp:term":[{"taxonomy":"product_brand","embeddable":true,"href":"https:\/\/creakary.cl\/index.php\/wp-json\/wp\/v2\/product_brand?post=16023"},{"taxonomy":"product_cat","embeddable":true,"href":"https:\/\/creakary.cl\/index.php\/wp-json\/wp\/v2\/product_cat?post=16023"},{"taxonomy":"product_tag","embeddable":true,"href":"https:\/\/creakary.cl\/index.php\/wp-json\/wp\/v2\/product_tag?post=16023"}],"curies":[{"name":"wp","href":"https:\/\/api.w.org\/{rel}","templated":true}]}}