{"id":16018,"date":"2025-12-29T13:42:50","date_gmt":"2025-12-29T13:42:50","guid":{"rendered":"https:\/\/creakary.cl\/?post_type=product&#038;p=16018"},"modified":"2026-01-14T14:00:56","modified_gmt":"2026-01-14T14:00:56","slug":"tecnicas-mixtas","status":"publish","type":"product","link":"https:\/\/creakary.cl\/index.php\/product\/tecnicas-mixtas\/","title":{"rendered":"Bordado en T\u00e9cnicas Mixtas"},"content":{"rendered":"","protected":false},"excerpt":{"rendered":"<p>\u00bfTe gustar\u00eda transformar una fotograf\u00eda especial o a tu mascota, en un bordado personalizado ?<\/p>\n<p>Cada pieza es bordada completamente a mano, puntada a puntada, creando un trabajo \u00fanico y exclusivo.<\/p>\n<p>\u00bfC\u00f3mo funciona?<\/p>\n<ul>\n<li>Env\u00eda fotograf\u00edas de buena calidad, bien iluminadas y n\u00edtidas (en mascotas idealmente de frente para captar su expresi\u00f3n).<\/li>\n<li>Revisamos juntos el dise\u00f1o, tama\u00f1o y tiempos de elaboraci\u00f3n.<\/li>\n<li>Para confirmar el pedido se solicita un abono del 50%.<\/li>\n<li>El saldo restante se paga antes de la entrega o despacho.<\/li>\n<\/ul>\n<p>Importante<\/p>\n<ul>\n<li>Los tiempos de elaboraci\u00f3n var\u00edan seg\u00fan el dise\u00f1o.<\/li>\n<li>Al ser un trabajo artesanal, cada pieza es \u00fanica y puede presentar leves variaciones<\/li>\n<\/ul>\n<p>\u00bfQu\u00e9 t\u00e9cnica elegir?<\/p>\n<p>Bordado alem\u00e1n : Bordado en relieve, con volumen y textura. Ideal para piezas donde se busca profundidad y presencia visual. El marco no incluye vidrio.<\/p>\n<p>T\u00e9cnicas Mixtas: Combinaci\u00f3n de distintos puntos y t\u00e9cnicas de bordado. El resultado es plano y el marco incluye vidrio.<\/p>\n<p>* En retratos de mascotas, el nombre va incluido (no bordado).<\/p>\n","protected":false},"featured_media":16082,"comment_status":"open","ping_status":"closed","template":"","meta":{"_joinchat":[]},"product_brand":[],"product_cat":[53],"product_tag":[],"class_list":{"0":"post-16018","1":"product","2":"type-product","3":"status-publish","4":"has-post-thumbnail","6":"product_cat-pedidos-personalizados","8":"first","9":"onbackorder","10":"taxable","11":"shipping-taxable","12":"product-type-simple"},"yoast_head":"<!-- This site is optimized with the Yoast SEO plugin v26.6 - https:\/\/yoast.com\/wordpress\/plugins\/seo\/ -->\n<title>Bordado en T\u00e9cnicas Mixtas - Crea Kary<\/title>\n<meta name=\"description\" content=\"Bordado en T\u00e9cnicas Mixtas - Crea Kary\" \/>\n<meta name=\"robots\" content=\"index, follow, max-snippet:-1, max-image-preview:large, max-video-preview:-1\" \/>\n<link rel=\"canonical\" href=\"https:\/\/creakary.cl\/index.php\/product\/tecnicas-mixtas\/\" \/>\n<meta property=\"og:locale\" content=\"es_ES\" \/>\n<meta property=\"og:type\" content=\"article\" \/>\n<meta property=\"og:title\" content=\"Bordado en T\u00e9cnicas Mixtas - Crea Kary\" \/>\n<meta property=\"og:description\" content=\"Bordado en T\u00e9cnicas Mixtas - Crea Kary\" \/>\n<meta property=\"og:url\" content=\"https:\/\/creakary.cl\/index.php\/product\/tecnicas-mixtas\/\" \/>\n<meta property=\"og:site_name\" content=\"Crea Kary\" \/>\n<meta property=\"article:modified_time\" content=\"2026-01-14T14:00:56+00:00\" \/>\n<meta property=\"og:image\" content=\"https:\/\/creakary.cl\/wp-content\/uploads\/2025\/12\/productos-16-800x800.png\" \/>\n\t<meta property=\"og:image:width\" content=\"800\" \/>\n\t<meta property=\"og:image:height\" content=\"800\" \/>\n\t<meta property=\"og:image:type\" content=\"image\/png\" \/>\n<meta name=\"twitter:card\" content=\"summary_large_image\" \/>\n<meta name=\"twitter:label1\" content=\"Tiempo de lectura\" \/>\n\t<meta name=\"twitter:data1\" content=\"1 minuto\" \/>\n<script type=\"application\/ld+json\" class=\"yoast-schema-graph\">{\"@context\":\"https:\/\/schema.org\",\"@graph\":[{\"@type\":\"WebPage\",\"@id\":\"https:\/\/creakary.cl\/index.php\/product\/tecnicas-mixtas\/\",\"url\":\"https:\/\/creakary.cl\/index.php\/product\/tecnicas-mixtas\/\",\"name\":\"Bordado en T\u00e9cnicas Mixtas - Crea Kary\",\"isPartOf\":{\"@id\":\"https:\/\/creakary.cl\/#website\"},\"primaryImageOfPage\":{\"@id\":\"https:\/\/creakary.cl\/index.php\/product\/tecnicas-mixtas\/#primaryimage\"},\"image\":{\"@id\":\"https:\/\/creakary.cl\/index.php\/product\/tecnicas-mixtas\/#primaryimage\"},\"thumbnailUrl\":\"https:\/\/creakary.cl\/wp-content\/uploads\/2025\/12\/productos-16.png\",\"datePublished\":\"2025-12-29T13:42:50+00:00\",\"dateModified\":\"2026-01-14T14:00:56+00:00\",\"description\":\"Bordado en T\u00e9cnicas Mixtas - Crea Kary\",\"breadcrumb\":{\"@id\":\"https:\/\/creakary.cl\/index.php\/product\/tecnicas-mixtas\/#breadcrumb\"},\"inLanguage\":\"es\",\"potentialAction\":[{\"@type\":\"ReadAction\",\"target\":[\"https:\/\/creakary.cl\/index.php\/product\/tecnicas-mixtas\/\"]}]},{\"@type\":\"ImageObject\",\"inLanguage\":\"es\",\"@id\":\"https:\/\/creakary.cl\/index.php\/product\/tecnicas-mixtas\/#primaryimage\",\"url\":\"https:\/\/creakary.cl\/wp-content\/uploads\/2025\/12\/productos-16.png\",\"contentUrl\":\"https:\/\/creakary.cl\/wp-content\/uploads\/2025\/12\/productos-16.png\",\"width\":1080,\"height\":1080},{\"@type\":\"BreadcrumbList\",\"@id\":\"https:\/\/creakary.cl\/index.php\/product\/tecnicas-mixtas\/#breadcrumb\",\"itemListElement\":[{\"@type\":\"ListItem\",\"position\":1,\"name\":\"Portada\",\"item\":\"https:\/\/creakary.cl\/\"},{\"@type\":\"ListItem\",\"position\":2,\"name\":\"Tienda\",\"item\":\"https:\/\/creakary.cl\/index.php\/tienda\/\"},{\"@type\":\"ListItem\",\"position\":3,\"name\":\"Bordado en T\u00e9cnicas Mixtas\"}]},{\"@type\":\"WebSite\",\"@id\":\"https:\/\/creakary.cl\/#website\",\"url\":\"https:\/\/creakary.cl\/\",\"name\":\"Crea Kary\",\"description\":\"Bordados a Mano\",\"potentialAction\":[{\"@type\":\"SearchAction\",\"target\":{\"@type\":\"EntryPoint\",\"urlTemplate\":\"https:\/\/creakary.cl\/?s={search_term_string}\"},\"query-input\":{\"@type\":\"PropertyValueSpecification\",\"valueRequired\":true,\"valueName\":\"search_term_string\"}}],\"inLanguage\":\"es\"}]}<\/script>\n<!-- \/ Yoast SEO plugin. -->","yoast_head_json":{"title":"Bordado en T\u00e9cnicas Mixtas - Crea Kary","description":"Bordado en T\u00e9cnicas Mixtas - Crea Kary","robots":{"index":"index","follow":"follow","max-snippet":"max-snippet:-1","max-image-preview":"max-image-preview:large","max-video-preview":"max-video-preview:-1"},"canonical":"https:\/\/creakary.cl\/index.php\/product\/tecnicas-mixtas\/","og_locale":"es_ES","og_type":"article","og_title":"Bordado en T\u00e9cnicas Mixtas - Crea Kary","og_description":"Bordado en T\u00e9cnicas Mixtas - Crea Kary","og_url":"https:\/\/creakary.cl\/index.php\/product\/tecnicas-mixtas\/","og_site_name":"Crea Kary","article_modified_time":"2026-01-14T14:00:56+00:00","og_image":[{"width":800,"height":800,"url":"https:\/\/creakary.cl\/wp-content\/uploads\/2025\/12\/productos-16-800x800.png","type":"image\/png"}],"twitter_card":"summary_large_image","twitter_misc":{"Tiempo de lectura":"1 minuto"},"schema":{"@context":"https:\/\/schema.org","@graph":[{"@type":"WebPage","@id":"https:\/\/creakary.cl\/index.php\/product\/tecnicas-mixtas\/","url":"https:\/\/creakary.cl\/index.php\/product\/tecnicas-mixtas\/","name":"Bordado en T\u00e9cnicas Mixtas - Crea Kary","isPartOf":{"@id":"https:\/\/creakary.cl\/#website"},"primaryImageOfPage":{"@id":"https:\/\/creakary.cl\/index.php\/product\/tecnicas-mixtas\/#primaryimage"},"image":{"@id":"https:\/\/creakary.cl\/index.php\/product\/tecnicas-mixtas\/#primaryimage"},"thumbnailUrl":"https:\/\/creakary.cl\/wp-content\/uploads\/2025\/12\/productos-16.png","datePublished":"2025-12-29T13:42:50+00:00","dateModified":"2026-01-14T14:00:56+00:00","description":"Bordado en T\u00e9cnicas Mixtas - Crea Kary","breadcrumb":{"@id":"https:\/\/creakary.cl\/index.php\/product\/tecnicas-mixtas\/#breadcrumb"},"inLanguage":"es","potentialAction":[{"@type":"ReadAction","target":["https:\/\/creakary.cl\/index.php\/product\/tecnicas-mixtas\/"]}]},{"@type":"ImageObject","inLanguage":"es","@id":"https:\/\/creakary.cl\/index.php\/product\/tecnicas-mixtas\/#primaryimage","url":"https:\/\/creakary.cl\/wp-content\/uploads\/2025\/12\/productos-16.png","contentUrl":"https:\/\/creakary.cl\/wp-content\/uploads\/2025\/12\/productos-16.png","width":1080,"height":1080},{"@type":"BreadcrumbList","@id":"https:\/\/creakary.cl\/index.php\/product\/tecnicas-mixtas\/#breadcrumb","itemListElement":[{"@type":"ListItem","position":1,"name":"Portada","item":"https:\/\/creakary.cl\/"},{"@type":"ListItem","position":2,"name":"Tienda","item":"https:\/\/creakary.cl\/index.php\/tienda\/"},{"@type":"ListItem","position":3,"name":"Bordado en T\u00e9cnicas Mixtas"}]},{"@type":"WebSite","@id":"https:\/\/creakary.cl\/#website","url":"https:\/\/creakary.cl\/","name":"Crea Kary","description":"Bordados a Mano","potentialAction":[{"@type":"SearchAction","target":{"@type":"EntryPoint","urlTemplate":"https:\/\/creakary.cl\/?s={search_term_string}"},"query-input":{"@type":"PropertyValueSpecification","valueRequired":true,"valueName":"search_term_string"}}],"inLanguage":"es"}]}},"_links":{"self":[{"href":"https:\/\/creakary.cl\/index.php\/wp-json\/wp\/v2\/product\/16018","targetHints":{"allow":["GET"]}}],"collection":[{"href":"https:\/\/creakary.cl\/index.php\/wp-json\/wp\/v2\/product"}],"about":[{"href":"https:\/\/creakary.cl\/index.php\/wp-json\/wp\/v2\/types\/product"}],"replies":[{"embeddable":true,"href":"https:\/\/creakary.cl\/index.php\/wp-json\/wp\/v2\/comments?post=16018"}],"version-history":[{"count":6,"href":"https:\/\/creakary.cl\/index.php\/wp-json\/wp\/v2\/product\/16018\/revisions"}],"predecessor-version":[{"id":16557,"href":"https:\/\/creakary.cl\/index.php\/wp-json\/wp\/v2\/product\/16018\/revisions\/16557"}],"wp:featuredmedia":[{"embeddable":true,"href":"https:\/\/creakary.cl\/index.php\/wp-json\/wp\/v2\/media\/16082"}],"wp:attachment":[{"href":"https:\/\/creakary.cl\/index.php\/wp-json\/wp\/v2\/media?parent=16018"}],"wp:term":[{"taxonomy":"product_brand","embeddable":true,"href":"https:\/\/creakary.cl\/index.php\/wp-json\/wp\/v2\/product_brand?post=16018"},{"taxonomy":"product_cat","embeddable":true,"href":"https:\/\/creakary.cl\/index.php\/wp-json\/wp\/v2\/product_cat?post=16018"},{"taxonomy":"product_tag","embeddable":true,"href":"https:\/\/creakary.cl\/index.php\/wp-json\/wp\/v2\/product_tag?post=16018"}],"curies":[{"name":"wp","href":"https:\/\/api.w.org\/{rel}","templated":true}]}}