{"id":15983,"date":"2025-12-29T13:09:01","date_gmt":"2025-12-29T13:09:01","guid":{"rendered":"https:\/\/creakary.cl\/?post_type=product&#038;p=15983"},"modified":"2026-02-16T14:28:30","modified_gmt":"2026-02-16T14:28:30","slug":"joyas-bordadas-prendedores-tulipanes-en-puntadas","status":"publish","type":"product","link":"https:\/\/creakary.cl\/index.php\/product\/joyas-bordadas-prendedores-tulipanes-en-puntadas\/","title":{"rendered":"Joyas bordadas Prendedor Tulipanes en Puntadas"},"content":{"rendered":"","protected":false},"excerpt":{"rendered":"<div class=\"flex max-w-full flex-col grow\">\n<div class=\"min-h-8 text-message relative flex w-full flex-col items-end gap-2 text-start break-words whitespace-normal [.text-message+&amp;]:mt-1\" dir=\"auto\" data-message-author-role=\"assistant\" data-message-id=\"3e93b9d7-f09f-4d48-936c-0c72f467ee90\" data-message-model-slug=\"gpt-5-2\">\n<div class=\"flex w-full flex-col gap-1 empty:hidden first:pt-[1px]\">\n<div class=\"markdown prose dark:prose-invert w-full break-words light markdown-new-styling\">\n<div class=\"flex flex-col text-sm pb-25\">\n<article class=\"text-token-text-primary w-full focus:outline-none [--shadow-height:45px] has-data-writing-block:pointer-events-none has-data-writing-block:-mt-(--shadow-height) has-data-writing-block:pt-(--shadow-height) [&amp;:has([data-writing-block])&gt;*]:pointer-events-auto scroll-mt-[calc(var(--header-height)+min(200px,max(70px,20svh)))]\" dir=\"auto\" tabindex=\"-1\" data-turn-id=\"request-WEB:cd3478e7-63af-4fb6-ade5-fe6e07e7b6c9-13\" data-testid=\"conversation-turn-28\" data-scroll-anchor=\"true\" data-turn=\"assistant\">\n<div class=\"text-base my-auto mx-auto pb-10 [--thread-content-margin:--spacing(4)] @w-sm\/main:[--thread-content-margin:--spacing(6)] @w-lg\/main:[--thread-content-margin:--spacing(16)] px-(--thread-content-margin)\">\n<div class=\"[--thread-content-max-width:40rem] @w-lg\/main:[--thread-content-max-width:48rem] mx-auto max-w-(--thread-content-max-width) flex-1 group\/turn-messages focus-visible:outline-hidden relative flex w-full min-w-0 flex-col agent-turn\" tabindex=\"-1\">\n<div class=\"flex max-w-full flex-col grow\">\n<div class=\"min-h-8 text-message relative flex w-full flex-col items-end gap-2 text-start break-words whitespace-normal [.text-message+&amp;]:mt-1\" dir=\"auto\" data-message-author-role=\"assistant\" data-message-id=\"a70e1a17-ec53-499f-bd96-eb3b16e6bff9\" data-message-model-slug=\"gpt-5-2\">\n<div class=\"flex w-full flex-col gap-1 empty:hidden first:pt-[1px]\">\n<div class=\"markdown prose dark:prose-invert w-full break-words light markdown-new-styling\">\n<div class=\"flex flex-col text-sm pb-25\">\n<article class=\"text-token-text-primary w-full focus:outline-none [--shadow-height:45px] has-data-writing-block:pointer-events-none has-data-writing-block:-mt-(--shadow-height) has-data-writing-block:pt-(--shadow-height) [&amp;:has([data-writing-block])&gt;*]:pointer-events-auto scroll-mt-[calc(var(--header-height)+min(200px,max(70px,20svh)))]\" dir=\"auto\" tabindex=\"-1\" data-turn-id=\"request-WEB:cd3478e7-63af-4fb6-ade5-fe6e07e7b6c9-14\" data-testid=\"conversation-turn-30\" data-scroll-anchor=\"true\" data-turn=\"assistant\">\n<div class=\"text-base my-auto mx-auto pb-10 [--thread-content-margin:--spacing(4)] @w-sm\/main:[--thread-content-margin:--spacing(6)] @w-lg\/main:[--thread-content-margin:--spacing(16)] px-(--thread-content-margin)\">\n<div class=\"[--thread-content-max-width:40rem] @w-lg\/main:[--thread-content-max-width:48rem] mx-auto max-w-(--thread-content-max-width) flex-1 group\/turn-messages focus-visible:outline-hidden relative flex w-full min-w-0 flex-col agent-turn\" tabindex=\"-1\">\n<div class=\"flex max-w-full flex-col grow\">\n<div class=\"min-h-8 text-message relative flex w-full flex-col items-end gap-2 text-start break-words whitespace-normal [.text-message+&amp;]:mt-1\" dir=\"auto\" data-message-author-role=\"assistant\" data-message-id=\"685eeb7e-9c74-4a3c-a210-f029e218d6a2\" data-message-model-slug=\"gpt-5-2\">\n<div class=\"flex w-full flex-col gap-1 empty:hidden first:pt-[1px]\">\n<div class=\"markdown prose dark:prose-invert w-full break-words light markdown-new-styling\">\n<ul>\n<li>Prendedor\u00a0 Tulipanes en puntadas<\/li>\n<li>Descripci\u00f3n:\u00a0 Prendedor bordado a mano con tulipanes amarillos y rosados. Un dise\u00f1o floral lleno de color y delicadeza, realizado puntada a puntada, que convierte cada pieza en un accesorio \u00fanico. Puedes usarlo en tu ropa, mochila o en el accesorio que prefieras, dando un toque \u00fanico y lleno de color a tu d\u00eda d\u00eda. Bordado con hilos\u00a0 metalizados.<\/li>\n<li>Di\u00e1metro del bordado:\u00a0 3 cms.<\/li>\n<li>Caracter\u00edsticas: Cierre de alfiler de seguridad<\/li>\n<\/ul>\n<\/div>\n<\/div>\n<\/div>\n<\/div>\n<\/div>\n<\/div>\n<\/article>\n<\/div>\n<\/div>\n<\/div>\n<\/div>\n<\/div>\n<\/div>\n<\/div>\n<\/article>\n<\/div>\n<\/div>\n<\/div>\n<\/div>\n<\/div>\n","protected":false},"featured_media":16580,"comment_status":"open","ping_status":"closed","template":"","meta":{"_joinchat":[]},"product_brand":[],"product_cat":[20,93],"product_tag":[],"class_list":{"0":"post-15983","1":"product","2":"type-product","3":"status-publish","4":"has-post-thumbnail","6":"product_cat-joyas-bordadas","7":"product_cat-prendedores","9":"first","10":"outofstock","11":"taxable","12":"shipping-taxable","13":"purchasable","14":"product-type-simple"},"yoast_head":"<!-- This site is optimized with the Yoast SEO plugin v26.6 - https:\/\/yoast.com\/wordpress\/plugins\/seo\/ -->\n<title>Joyas bordadas Prendedor Tulipanes en Puntadas - Crea Kary<\/title>\n<meta name=\"description\" content=\"Joyas bordadas Prendedor Tulipanes en Puntadas - Crea Kary\" \/>\n<meta name=\"robots\" content=\"index, follow, max-snippet:-1, max-image-preview:large, max-video-preview:-1\" \/>\n<link rel=\"canonical\" href=\"https:\/\/creakary.cl\/index.php\/product\/joyas-bordadas-prendedores-tulipanes-en-puntadas\/\" \/>\n<meta property=\"og:locale\" content=\"es_ES\" \/>\n<meta property=\"og:type\" content=\"article\" \/>\n<meta property=\"og:title\" content=\"Joyas bordadas Prendedor Tulipanes en Puntadas - Crea Kary\" \/>\n<meta property=\"og:description\" content=\"Joyas bordadas Prendedor Tulipanes en Puntadas - Crea Kary\" \/>\n<meta property=\"og:url\" content=\"https:\/\/creakary.cl\/index.php\/product\/joyas-bordadas-prendedores-tulipanes-en-puntadas\/\" \/>\n<meta property=\"og:site_name\" content=\"Crea Kary\" \/>\n<meta property=\"article:modified_time\" content=\"2026-02-16T14:28:30+00:00\" \/>\n<meta property=\"og:image\" content=\"https:\/\/creakary.cl\/wp-content\/uploads\/2025\/12\/20260114_122926-scaled.jpg\" \/>\n\t<meta property=\"og:image:width\" content=\"1920\" \/>\n\t<meta property=\"og:image:height\" content=\"2560\" \/>\n\t<meta property=\"og:image:type\" content=\"image\/jpeg\" \/>\n<meta name=\"twitter:card\" content=\"summary_large_image\" \/>\n<meta name=\"twitter:label1\" content=\"Tiempo de lectura\" \/>\n\t<meta name=\"twitter:data1\" content=\"1 minuto\" \/>\n<script type=\"application\/ld+json\" class=\"yoast-schema-graph\">{\"@context\":\"https:\/\/schema.org\",\"@graph\":[{\"@type\":\"WebPage\",\"@id\":\"https:\/\/creakary.cl\/index.php\/product\/joyas-bordadas-prendedores-tulipanes-en-puntadas\/\",\"url\":\"https:\/\/creakary.cl\/index.php\/product\/joyas-bordadas-prendedores-tulipanes-en-puntadas\/\",\"name\":\"Joyas bordadas Prendedor Tulipanes en Puntadas - Crea Kary\",\"isPartOf\":{\"@id\":\"https:\/\/creakary.cl\/#website\"},\"primaryImageOfPage\":{\"@id\":\"https:\/\/creakary.cl\/index.php\/product\/joyas-bordadas-prendedores-tulipanes-en-puntadas\/#primaryimage\"},\"image\":{\"@id\":\"https:\/\/creakary.cl\/index.php\/product\/joyas-bordadas-prendedores-tulipanes-en-puntadas\/#primaryimage\"},\"thumbnailUrl\":\"https:\/\/creakary.cl\/wp-content\/uploads\/2025\/12\/20260114_122926-scaled.jpg\",\"datePublished\":\"2025-12-29T13:09:01+00:00\",\"dateModified\":\"2026-02-16T14:28:30+00:00\",\"description\":\"Joyas bordadas Prendedor Tulipanes en Puntadas - Crea Kary\",\"breadcrumb\":{\"@id\":\"https:\/\/creakary.cl\/index.php\/product\/joyas-bordadas-prendedores-tulipanes-en-puntadas\/#breadcrumb\"},\"inLanguage\":\"es\",\"potentialAction\":[{\"@type\":\"ReadAction\",\"target\":[\"https:\/\/creakary.cl\/index.php\/product\/joyas-bordadas-prendedores-tulipanes-en-puntadas\/\"]}]},{\"@type\":\"ImageObject\",\"inLanguage\":\"es\",\"@id\":\"https:\/\/creakary.cl\/index.php\/product\/joyas-bordadas-prendedores-tulipanes-en-puntadas\/#primaryimage\",\"url\":\"https:\/\/creakary.cl\/wp-content\/uploads\/2025\/12\/20260114_122926-scaled.jpg\",\"contentUrl\":\"https:\/\/creakary.cl\/wp-content\/uploads\/2025\/12\/20260114_122926-scaled.jpg\",\"width\":1920,\"height\":2560},{\"@type\":\"BreadcrumbList\",\"@id\":\"https:\/\/creakary.cl\/index.php\/product\/joyas-bordadas-prendedores-tulipanes-en-puntadas\/#breadcrumb\",\"itemListElement\":[{\"@type\":\"ListItem\",\"position\":1,\"name\":\"Portada\",\"item\":\"https:\/\/creakary.cl\/\"},{\"@type\":\"ListItem\",\"position\":2,\"name\":\"Tienda\",\"item\":\"https:\/\/creakary.cl\/index.php\/tienda\/\"},{\"@type\":\"ListItem\",\"position\":3,\"name\":\"Joyas bordadas Prendedor Tulipanes en Puntadas\"}]},{\"@type\":\"WebSite\",\"@id\":\"https:\/\/creakary.cl\/#website\",\"url\":\"https:\/\/creakary.cl\/\",\"name\":\"Crea Kary\",\"description\":\"Bordados a Mano\",\"potentialAction\":[{\"@type\":\"SearchAction\",\"target\":{\"@type\":\"EntryPoint\",\"urlTemplate\":\"https:\/\/creakary.cl\/?s={search_term_string}\"},\"query-input\":{\"@type\":\"PropertyValueSpecification\",\"valueRequired\":true,\"valueName\":\"search_term_string\"}}],\"inLanguage\":\"es\"}]}<\/script>\n<!-- \/ Yoast SEO plugin. -->","yoast_head_json":{"title":"Joyas bordadas Prendedor Tulipanes en Puntadas - Crea Kary","description":"Joyas bordadas Prendedor Tulipanes en Puntadas - Crea Kary","robots":{"index":"index","follow":"follow","max-snippet":"max-snippet:-1","max-image-preview":"max-image-preview:large","max-video-preview":"max-video-preview:-1"},"canonical":"https:\/\/creakary.cl\/index.php\/product\/joyas-bordadas-prendedores-tulipanes-en-puntadas\/","og_locale":"es_ES","og_type":"article","og_title":"Joyas bordadas Prendedor Tulipanes en Puntadas - Crea Kary","og_description":"Joyas bordadas Prendedor Tulipanes en Puntadas - Crea Kary","og_url":"https:\/\/creakary.cl\/index.php\/product\/joyas-bordadas-prendedores-tulipanes-en-puntadas\/","og_site_name":"Crea Kary","article_modified_time":"2026-02-16T14:28:30+00:00","og_image":[{"width":1920,"height":2560,"url":"https:\/\/creakary.cl\/wp-content\/uploads\/2025\/12\/20260114_122926-scaled.jpg","type":"image\/jpeg"}],"twitter_card":"summary_large_image","twitter_misc":{"Tiempo de lectura":"1 minuto"},"schema":{"@context":"https:\/\/schema.org","@graph":[{"@type":"WebPage","@id":"https:\/\/creakary.cl\/index.php\/product\/joyas-bordadas-prendedores-tulipanes-en-puntadas\/","url":"https:\/\/creakary.cl\/index.php\/product\/joyas-bordadas-prendedores-tulipanes-en-puntadas\/","name":"Joyas bordadas Prendedor Tulipanes en Puntadas - Crea Kary","isPartOf":{"@id":"https:\/\/creakary.cl\/#website"},"primaryImageOfPage":{"@id":"https:\/\/creakary.cl\/index.php\/product\/joyas-bordadas-prendedores-tulipanes-en-puntadas\/#primaryimage"},"image":{"@id":"https:\/\/creakary.cl\/index.php\/product\/joyas-bordadas-prendedores-tulipanes-en-puntadas\/#primaryimage"},"thumbnailUrl":"https:\/\/creakary.cl\/wp-content\/uploads\/2025\/12\/20260114_122926-scaled.jpg","datePublished":"2025-12-29T13:09:01+00:00","dateModified":"2026-02-16T14:28:30+00:00","description":"Joyas bordadas Prendedor Tulipanes en Puntadas - Crea Kary","breadcrumb":{"@id":"https:\/\/creakary.cl\/index.php\/product\/joyas-bordadas-prendedores-tulipanes-en-puntadas\/#breadcrumb"},"inLanguage":"es","potentialAction":[{"@type":"ReadAction","target":["https:\/\/creakary.cl\/index.php\/product\/joyas-bordadas-prendedores-tulipanes-en-puntadas\/"]}]},{"@type":"ImageObject","inLanguage":"es","@id":"https:\/\/creakary.cl\/index.php\/product\/joyas-bordadas-prendedores-tulipanes-en-puntadas\/#primaryimage","url":"https:\/\/creakary.cl\/wp-content\/uploads\/2025\/12\/20260114_122926-scaled.jpg","contentUrl":"https:\/\/creakary.cl\/wp-content\/uploads\/2025\/12\/20260114_122926-scaled.jpg","width":1920,"height":2560},{"@type":"BreadcrumbList","@id":"https:\/\/creakary.cl\/index.php\/product\/joyas-bordadas-prendedores-tulipanes-en-puntadas\/#breadcrumb","itemListElement":[{"@type":"ListItem","position":1,"name":"Portada","item":"https:\/\/creakary.cl\/"},{"@type":"ListItem","position":2,"name":"Tienda","item":"https:\/\/creakary.cl\/index.php\/tienda\/"},{"@type":"ListItem","position":3,"name":"Joyas bordadas Prendedor Tulipanes en Puntadas"}]},{"@type":"WebSite","@id":"https:\/\/creakary.cl\/#website","url":"https:\/\/creakary.cl\/","name":"Crea Kary","description":"Bordados a Mano","potentialAction":[{"@type":"SearchAction","target":{"@type":"EntryPoint","urlTemplate":"https:\/\/creakary.cl\/?s={search_term_string}"},"query-input":{"@type":"PropertyValueSpecification","valueRequired":true,"valueName":"search_term_string"}}],"inLanguage":"es"}]}},"_links":{"self":[{"href":"https:\/\/creakary.cl\/index.php\/wp-json\/wp\/v2\/product\/15983","targetHints":{"allow":["GET"]}}],"collection":[{"href":"https:\/\/creakary.cl\/index.php\/wp-json\/wp\/v2\/product"}],"about":[{"href":"https:\/\/creakary.cl\/index.php\/wp-json\/wp\/v2\/types\/product"}],"replies":[{"embeddable":true,"href":"https:\/\/creakary.cl\/index.php\/wp-json\/wp\/v2\/comments?post=15983"}],"version-history":[{"count":5,"href":"https:\/\/creakary.cl\/index.php\/wp-json\/wp\/v2\/product\/15983\/revisions"}],"predecessor-version":[{"id":16591,"href":"https:\/\/creakary.cl\/index.php\/wp-json\/wp\/v2\/product\/15983\/revisions\/16591"}],"wp:featuredmedia":[{"embeddable":true,"href":"https:\/\/creakary.cl\/index.php\/wp-json\/wp\/v2\/media\/16580"}],"wp:attachment":[{"href":"https:\/\/creakary.cl\/index.php\/wp-json\/wp\/v2\/media?parent=15983"}],"wp:term":[{"taxonomy":"product_brand","embeddable":true,"href":"https:\/\/creakary.cl\/index.php\/wp-json\/wp\/v2\/product_brand?post=15983"},{"taxonomy":"product_cat","embeddable":true,"href":"https:\/\/creakary.cl\/index.php\/wp-json\/wp\/v2\/product_cat?post=15983"},{"taxonomy":"product_tag","embeddable":true,"href":"https:\/\/creakary.cl\/index.php\/wp-json\/wp\/v2\/product_tag?post=15983"}],"curies":[{"name":"wp","href":"https:\/\/api.w.org\/{rel}","templated":true}]}}