{"id":15968,"date":"2025-12-29T12:59:40","date_gmt":"2025-12-29T12:59:40","guid":{"rendered":"https:\/\/creakary.cl\/?post_type=product&#038;p=15968"},"modified":"2026-03-11T19:19:37","modified_gmt":"2026-03-11T19:19:37","slug":"joyas-bordadas-colgante-mas-cadena-de-plata","status":"publish","type":"product","link":"https:\/\/creakary.cl\/index.php\/product\/joyas-bordadas-colgante-mas-cadena-de-plata\/","title":{"rendered":"Joyas bordadas Colgante Ra\u00edces y Alas m\u00e1s cadena de plata"},"content":{"rendered":"","protected":false},"excerpt":{"rendered":"<div class=\"flex max-w-full flex-col grow\">\n<div class=\"min-h-8 text-message relative flex w-full flex-col items-end gap-2 text-start break-words whitespace-normal [.text-message+&amp;]:mt-1\" dir=\"auto\" data-message-author-role=\"assistant\" data-message-id=\"3e93b9d7-f09f-4d48-936c-0c72f467ee90\" data-message-model-slug=\"gpt-5-2\">\n<div class=\"flex w-full flex-col gap-1 empty:hidden first:pt-[1px]\">\n<div class=\"markdown prose dark:prose-invert w-full break-words light markdown-new-styling\">\n<ul>\n<li>Colgante dos bordados Ra\u00edces y Alas: Colgante bordado a mano con doble dise\u00f1o; por un lado, el \u00e1rbol de la vida, s\u00edmbolo de conexi\u00f3n y crecimiento; por el otro, una abejita revoloteando entre flores rosadas, representando la vida en movimiento y la armon\u00eda de la naturaleza. Cada pieza es \u00fanica, creada puntada a puntada y convertida en una joya llena significado.<\/li>\n<li>Descripci\u00f3n:\u00a0 Colgante bordado a mano con hilos metalizados y mostacillas<\/li>\n<li>Di\u00e1metro de cada bordado:\u00a0 2,5 cms<\/li>\n<li>Caracter\u00edsticas: Incluye cadena de plata de 50 cms.<\/li>\n<\/ul>\n<\/div>\n<\/div>\n<\/div>\n<\/div>\n","protected":false},"featured_media":17070,"comment_status":"open","ping_status":"closed","template":"","meta":{"_joinchat":[]},"product_brand":[],"product_cat":[81,20],"product_tag":[],"class_list":{"0":"post-15968","1":"product","2":"type-product","3":"status-publish","4":"has-post-thumbnail","6":"product_cat-colgante-mas-cadena-de-plata","7":"product_cat-joyas-bordadas","9":"first","10":"instock","11":"taxable","12":"shipping-taxable","13":"purchasable","14":"product-type-simple"},"yoast_head":"<!-- This site is optimized with the Yoast SEO plugin v26.6 - https:\/\/yoast.com\/wordpress\/plugins\/seo\/ -->\n<title>Joyas bordadas Colgante Ra\u00edces y Alas m\u00e1s cadena de plata - Crea Kary<\/title>\n<meta name=\"description\" content=\"Joyas bordadas Colgante Ra\u00edces y Alas m\u00e1s cadena de plata - Crea Kary Colgante bordado a mano con doble dise\u00f1o; por un lado, el \u00e1rbol de la vida y por el otro, una abejita revoloteando entre flores rosadas. Solo tienes que girar y tendr\u00e1s dos bordados diferentes.\" \/>\n<meta name=\"robots\" content=\"index, follow, max-snippet:-1, max-image-preview:large, max-video-preview:-1\" \/>\n<link rel=\"canonical\" href=\"https:\/\/creakary.cl\/index.php\/product\/joyas-bordadas-colgante-mas-cadena-de-plata\/\" \/>\n<meta property=\"og:locale\" content=\"es_ES\" \/>\n<meta property=\"og:type\" content=\"article\" \/>\n<meta property=\"og:title\" content=\"Joyas bordadas Colgante Ra\u00edces y Alas m\u00e1s cadena de plata - Crea Kary\" \/>\n<meta property=\"og:description\" content=\"Joyas bordadas Colgante Ra\u00edces y Alas m\u00e1s cadena de plata - Crea Kary Colgante bordado a mano con doble dise\u00f1o; por un lado, el \u00e1rbol de la vida y por el otro, una abejita revoloteando entre flores rosadas. Solo tienes que girar y tendr\u00e1s dos bordados diferentes.\" \/>\n<meta property=\"og:url\" content=\"https:\/\/creakary.cl\/index.php\/product\/joyas-bordadas-colgante-mas-cadena-de-plata\/\" \/>\n<meta property=\"og:site_name\" content=\"Crea Kary\" \/>\n<meta property=\"article:modified_time\" content=\"2026-03-11T19:19:37+00:00\" \/>\n<meta property=\"og:image\" content=\"https:\/\/creakary.cl\/wp-content\/uploads\/2025\/12\/file_00000000368871f5981e83edee68ca56-595x800.png\" \/>\n\t<meta property=\"og:image:width\" content=\"595\" \/>\n\t<meta property=\"og:image:height\" content=\"800\" \/>\n\t<meta property=\"og:image:type\" content=\"image\/png\" \/>\n<meta name=\"twitter:card\" content=\"summary_large_image\" \/>\n<meta name=\"twitter:label1\" content=\"Tiempo de lectura\" \/>\n\t<meta name=\"twitter:data1\" content=\"1 minuto\" \/>\n<script type=\"application\/ld+json\" class=\"yoast-schema-graph\">{\"@context\":\"https:\/\/schema.org\",\"@graph\":[{\"@type\":\"WebPage\",\"@id\":\"https:\/\/creakary.cl\/index.php\/product\/joyas-bordadas-colgante-mas-cadena-de-plata\/\",\"url\":\"https:\/\/creakary.cl\/index.php\/product\/joyas-bordadas-colgante-mas-cadena-de-plata\/\",\"name\":\"Joyas bordadas Colgante Ra\u00edces y Alas m\u00e1s cadena de plata - Crea Kary\",\"isPartOf\":{\"@id\":\"https:\/\/creakary.cl\/#website\"},\"primaryImageOfPage\":{\"@id\":\"https:\/\/creakary.cl\/index.php\/product\/joyas-bordadas-colgante-mas-cadena-de-plata\/#primaryimage\"},\"image\":{\"@id\":\"https:\/\/creakary.cl\/index.php\/product\/joyas-bordadas-colgante-mas-cadena-de-plata\/#primaryimage\"},\"thumbnailUrl\":\"https:\/\/creakary.cl\/wp-content\/uploads\/2025\/12\/file_00000000368871f5981e83edee68ca56-scaled.png\",\"datePublished\":\"2025-12-29T12:59:40+00:00\",\"dateModified\":\"2026-03-11T19:19:37+00:00\",\"description\":\"Joyas bordadas Colgante Ra\u00edces y Alas m\u00e1s cadena de plata - Crea Kary Colgante bordado a mano con doble dise\u00f1o; por un lado, el \u00e1rbol de la vida y por el otro, una abejita revoloteando entre flores rosadas. Solo tienes que girar y tendr\u00e1s dos bordados diferentes.\",\"breadcrumb\":{\"@id\":\"https:\/\/creakary.cl\/index.php\/product\/joyas-bordadas-colgante-mas-cadena-de-plata\/#breadcrumb\"},\"inLanguage\":\"es\",\"potentialAction\":[{\"@type\":\"ReadAction\",\"target\":[\"https:\/\/creakary.cl\/index.php\/product\/joyas-bordadas-colgante-mas-cadena-de-plata\/\"]}]},{\"@type\":\"ImageObject\",\"inLanguage\":\"es\",\"@id\":\"https:\/\/creakary.cl\/index.php\/product\/joyas-bordadas-colgante-mas-cadena-de-plata\/#primaryimage\",\"url\":\"https:\/\/creakary.cl\/wp-content\/uploads\/2025\/12\/file_00000000368871f5981e83edee68ca56-scaled.png\",\"contentUrl\":\"https:\/\/creakary.cl\/wp-content\/uploads\/2025\/12\/file_00000000368871f5981e83edee68ca56-scaled.png\",\"width\":1905,\"height\":2560},{\"@type\":\"BreadcrumbList\",\"@id\":\"https:\/\/creakary.cl\/index.php\/product\/joyas-bordadas-colgante-mas-cadena-de-plata\/#breadcrumb\",\"itemListElement\":[{\"@type\":\"ListItem\",\"position\":1,\"name\":\"Portada\",\"item\":\"https:\/\/creakary.cl\/\"},{\"@type\":\"ListItem\",\"position\":2,\"name\":\"Tienda\",\"item\":\"https:\/\/creakary.cl\/index.php\/tienda\/\"},{\"@type\":\"ListItem\",\"position\":3,\"name\":\"Joyas bordadas Colgante Ra\u00edces y Alas m\u00e1s cadena de plata\"}]},{\"@type\":\"WebSite\",\"@id\":\"https:\/\/creakary.cl\/#website\",\"url\":\"https:\/\/creakary.cl\/\",\"name\":\"Crea Kary\",\"description\":\"Bordados a Mano\",\"potentialAction\":[{\"@type\":\"SearchAction\",\"target\":{\"@type\":\"EntryPoint\",\"urlTemplate\":\"https:\/\/creakary.cl\/?s={search_term_string}\"},\"query-input\":{\"@type\":\"PropertyValueSpecification\",\"valueRequired\":true,\"valueName\":\"search_term_string\"}}],\"inLanguage\":\"es\"}]}<\/script>\n<!-- \/ Yoast SEO plugin. -->","yoast_head_json":{"title":"Joyas bordadas Colgante Ra\u00edces y Alas m\u00e1s cadena de plata - Crea Kary","description":"Joyas bordadas Colgante Ra\u00edces y Alas m\u00e1s cadena de plata - Crea Kary Colgante bordado a mano con doble dise\u00f1o; por un lado, el \u00e1rbol de la vida y por el otro, una abejita revoloteando entre flores rosadas. Solo tienes que girar y tendr\u00e1s dos bordados diferentes.","robots":{"index":"index","follow":"follow","max-snippet":"max-snippet:-1","max-image-preview":"max-image-preview:large","max-video-preview":"max-video-preview:-1"},"canonical":"https:\/\/creakary.cl\/index.php\/product\/joyas-bordadas-colgante-mas-cadena-de-plata\/","og_locale":"es_ES","og_type":"article","og_title":"Joyas bordadas Colgante Ra\u00edces y Alas m\u00e1s cadena de plata - Crea Kary","og_description":"Joyas bordadas Colgante Ra\u00edces y Alas m\u00e1s cadena de plata - Crea Kary Colgante bordado a mano con doble dise\u00f1o; por un lado, el \u00e1rbol de la vida y por el otro, una abejita revoloteando entre flores rosadas. Solo tienes que girar y tendr\u00e1s dos bordados diferentes.","og_url":"https:\/\/creakary.cl\/index.php\/product\/joyas-bordadas-colgante-mas-cadena-de-plata\/","og_site_name":"Crea Kary","article_modified_time":"2026-03-11T19:19:37+00:00","og_image":[{"width":595,"height":800,"url":"https:\/\/creakary.cl\/wp-content\/uploads\/2025\/12\/file_00000000368871f5981e83edee68ca56-595x800.png","type":"image\/png"}],"twitter_card":"summary_large_image","twitter_misc":{"Tiempo de lectura":"1 minuto"},"schema":{"@context":"https:\/\/schema.org","@graph":[{"@type":"WebPage","@id":"https:\/\/creakary.cl\/index.php\/product\/joyas-bordadas-colgante-mas-cadena-de-plata\/","url":"https:\/\/creakary.cl\/index.php\/product\/joyas-bordadas-colgante-mas-cadena-de-plata\/","name":"Joyas bordadas Colgante Ra\u00edces y Alas m\u00e1s cadena de plata - Crea Kary","isPartOf":{"@id":"https:\/\/creakary.cl\/#website"},"primaryImageOfPage":{"@id":"https:\/\/creakary.cl\/index.php\/product\/joyas-bordadas-colgante-mas-cadena-de-plata\/#primaryimage"},"image":{"@id":"https:\/\/creakary.cl\/index.php\/product\/joyas-bordadas-colgante-mas-cadena-de-plata\/#primaryimage"},"thumbnailUrl":"https:\/\/creakary.cl\/wp-content\/uploads\/2025\/12\/file_00000000368871f5981e83edee68ca56-scaled.png","datePublished":"2025-12-29T12:59:40+00:00","dateModified":"2026-03-11T19:19:37+00:00","description":"Joyas bordadas Colgante Ra\u00edces y Alas m\u00e1s cadena de plata - Crea Kary Colgante bordado a mano con doble dise\u00f1o; por un lado, el \u00e1rbol de la vida y por el otro, una abejita revoloteando entre flores rosadas. Solo tienes que girar y tendr\u00e1s dos bordados diferentes.","breadcrumb":{"@id":"https:\/\/creakary.cl\/index.php\/product\/joyas-bordadas-colgante-mas-cadena-de-plata\/#breadcrumb"},"inLanguage":"es","potentialAction":[{"@type":"ReadAction","target":["https:\/\/creakary.cl\/index.php\/product\/joyas-bordadas-colgante-mas-cadena-de-plata\/"]}]},{"@type":"ImageObject","inLanguage":"es","@id":"https:\/\/creakary.cl\/index.php\/product\/joyas-bordadas-colgante-mas-cadena-de-plata\/#primaryimage","url":"https:\/\/creakary.cl\/wp-content\/uploads\/2025\/12\/file_00000000368871f5981e83edee68ca56-scaled.png","contentUrl":"https:\/\/creakary.cl\/wp-content\/uploads\/2025\/12\/file_00000000368871f5981e83edee68ca56-scaled.png","width":1905,"height":2560},{"@type":"BreadcrumbList","@id":"https:\/\/creakary.cl\/index.php\/product\/joyas-bordadas-colgante-mas-cadena-de-plata\/#breadcrumb","itemListElement":[{"@type":"ListItem","position":1,"name":"Portada","item":"https:\/\/creakary.cl\/"},{"@type":"ListItem","position":2,"name":"Tienda","item":"https:\/\/creakary.cl\/index.php\/tienda\/"},{"@type":"ListItem","position":3,"name":"Joyas bordadas Colgante Ra\u00edces y Alas m\u00e1s cadena de plata"}]},{"@type":"WebSite","@id":"https:\/\/creakary.cl\/#website","url":"https:\/\/creakary.cl\/","name":"Crea Kary","description":"Bordados a Mano","potentialAction":[{"@type":"SearchAction","target":{"@type":"EntryPoint","urlTemplate":"https:\/\/creakary.cl\/?s={search_term_string}"},"query-input":{"@type":"PropertyValueSpecification","valueRequired":true,"valueName":"search_term_string"}}],"inLanguage":"es"}]}},"_links":{"self":[{"href":"https:\/\/creakary.cl\/index.php\/wp-json\/wp\/v2\/product\/15968","targetHints":{"allow":["GET"]}}],"collection":[{"href":"https:\/\/creakary.cl\/index.php\/wp-json\/wp\/v2\/product"}],"about":[{"href":"https:\/\/creakary.cl\/index.php\/wp-json\/wp\/v2\/types\/product"}],"replies":[{"embeddable":true,"href":"https:\/\/creakary.cl\/index.php\/wp-json\/wp\/v2\/comments?post=15968"}],"version-history":[{"count":5,"href":"https:\/\/creakary.cl\/index.php\/wp-json\/wp\/v2\/product\/15968\/revisions"}],"predecessor-version":[{"id":16419,"href":"https:\/\/creakary.cl\/index.php\/wp-json\/wp\/v2\/product\/15968\/revisions\/16419"}],"wp:featuredmedia":[{"embeddable":true,"href":"https:\/\/creakary.cl\/index.php\/wp-json\/wp\/v2\/media\/17070"}],"wp:attachment":[{"href":"https:\/\/creakary.cl\/index.php\/wp-json\/wp\/v2\/media?parent=15968"}],"wp:term":[{"taxonomy":"product_brand","embeddable":true,"href":"https:\/\/creakary.cl\/index.php\/wp-json\/wp\/v2\/product_brand?post=15968"},{"taxonomy":"product_cat","embeddable":true,"href":"https:\/\/creakary.cl\/index.php\/wp-json\/wp\/v2\/product_cat?post=15968"},{"taxonomy":"product_tag","embeddable":true,"href":"https:\/\/creakary.cl\/index.php\/wp-json\/wp\/v2\/product_tag?post=15968"}],"curies":[{"name":"wp","href":"https:\/\/api.w.org\/{rel}","templated":true}]}}