{"id":15932,"date":"2025-12-29T12:22:21","date_gmt":"2025-12-29T12:22:21","guid":{"rendered":"https:\/\/creakary.cl\/?post_type=product&#038;p=15932"},"modified":"2026-02-03T17:50:47","modified_gmt":"2026-02-03T17:50:47","slug":"prendedor-chinchilla","status":"publish","type":"product","link":"https:\/\/creakary.cl\/index.php\/product\/prendedor-chinchilla\/","title":{"rendered":"Prendedor Chinchilla"},"content":{"rendered":"","protected":false},"excerpt":{"rendered":"<ul>\n<li>Colecci\u00f3n: Chile vivo en puntadas<\/li>\n<li>Obra: Chinchilla<\/li>\n<li>Descripci\u00f3n: Bordado inspirado en la Chinchilla, una especie emblem\u00e1tica y fr\u00e1gil de nuestra fauna nativa. Cada puntada busca retratar su suavidad y presencia silenciosa, invitando a valorar la belleza de lo peque\u00f1o y la importancia de proteger a quienes habitan nuestro territorio. Prendedor bordado a mano.<\/li>\n<li>Di\u00e1metro bordado:\u00a0 3 cms<\/li>\n<li>Materiales: Bordado con hilos metalizados, tela pintada con pintura para telas.<\/li>\n<li>Caracter\u00edsticas: Cierre de alfiler de seguridad.<\/li>\n<\/ul>\n","protected":false},"featured_media":16515,"comment_status":"open","ping_status":"closed","template":"","meta":{"_joinchat":[]},"product_brand":[],"product_cat":[32,93,75],"product_tag":[],"class_list":{"0":"post-15932","1":"product","2":"type-product","3":"status-publish","4":"has-post-thumbnail","6":"product_cat-coleccion-fauna-chilena","7":"product_cat-prendedores","8":"product_cat-prendedores-fauna-chilena","10":"first","11":"instock","12":"taxable","13":"shipping-taxable","14":"purchasable","15":"product-type-simple"},"yoast_head":"<!-- This site is optimized with the Yoast SEO plugin v26.6 - https:\/\/yoast.com\/wordpress\/plugins\/seo\/ -->\n<title>Prendedor Chinchilla - Crea Kary<\/title>\n<meta name=\"description\" content=\"Prendedor Chinchilla - Crea Kary\" \/>\n<meta name=\"robots\" content=\"index, follow, max-snippet:-1, max-image-preview:large, max-video-preview:-1\" \/>\n<link rel=\"canonical\" href=\"https:\/\/creakary.cl\/index.php\/product\/prendedor-chinchilla\/\" \/>\n<meta property=\"og:locale\" content=\"es_ES\" \/>\n<meta property=\"og:type\" content=\"article\" \/>\n<meta property=\"og:title\" content=\"Prendedor Chinchilla - Crea Kary\" \/>\n<meta property=\"og:description\" content=\"Prendedor Chinchilla - Crea Kary\" \/>\n<meta property=\"og:url\" content=\"https:\/\/creakary.cl\/index.php\/product\/prendedor-chinchilla\/\" \/>\n<meta property=\"og:site_name\" content=\"Crea Kary\" \/>\n<meta property=\"article:modified_time\" content=\"2026-02-03T17:50:47+00:00\" \/>\n<meta property=\"og:image\" content=\"https:\/\/creakary.cl\/wp-content\/uploads\/2025\/12\/20250716_144428-scaled.jpg\" \/>\n\t<meta property=\"og:image:width\" content=\"1909\" \/>\n\t<meta property=\"og:image:height\" content=\"2560\" \/>\n\t<meta property=\"og:image:type\" content=\"image\/jpeg\" \/>\n<meta name=\"twitter:card\" content=\"summary_large_image\" \/>\n<meta name=\"twitter:label1\" content=\"Tiempo de lectura\" \/>\n\t<meta name=\"twitter:data1\" content=\"1 minuto\" \/>\n<script type=\"application\/ld+json\" class=\"yoast-schema-graph\">{\"@context\":\"https:\/\/schema.org\",\"@graph\":[{\"@type\":\"WebPage\",\"@id\":\"https:\/\/creakary.cl\/index.php\/product\/prendedor-chinchilla\/\",\"url\":\"https:\/\/creakary.cl\/index.php\/product\/prendedor-chinchilla\/\",\"name\":\"Prendedor Chinchilla - Crea Kary\",\"isPartOf\":{\"@id\":\"https:\/\/creakary.cl\/#website\"},\"primaryImageOfPage\":{\"@id\":\"https:\/\/creakary.cl\/index.php\/product\/prendedor-chinchilla\/#primaryimage\"},\"image\":{\"@id\":\"https:\/\/creakary.cl\/index.php\/product\/prendedor-chinchilla\/#primaryimage\"},\"thumbnailUrl\":\"https:\/\/creakary.cl\/wp-content\/uploads\/2025\/12\/20250716_144428-scaled.jpg\",\"datePublished\":\"2025-12-29T12:22:21+00:00\",\"dateModified\":\"2026-02-03T17:50:47+00:00\",\"description\":\"Prendedor Chinchilla - Crea Kary\",\"breadcrumb\":{\"@id\":\"https:\/\/creakary.cl\/index.php\/product\/prendedor-chinchilla\/#breadcrumb\"},\"inLanguage\":\"es\",\"potentialAction\":[{\"@type\":\"ReadAction\",\"target\":[\"https:\/\/creakary.cl\/index.php\/product\/prendedor-chinchilla\/\"]}]},{\"@type\":\"ImageObject\",\"inLanguage\":\"es\",\"@id\":\"https:\/\/creakary.cl\/index.php\/product\/prendedor-chinchilla\/#primaryimage\",\"url\":\"https:\/\/creakary.cl\/wp-content\/uploads\/2025\/12\/20250716_144428-scaled.jpg\",\"contentUrl\":\"https:\/\/creakary.cl\/wp-content\/uploads\/2025\/12\/20250716_144428-scaled.jpg\",\"width\":1909,\"height\":2560},{\"@type\":\"BreadcrumbList\",\"@id\":\"https:\/\/creakary.cl\/index.php\/product\/prendedor-chinchilla\/#breadcrumb\",\"itemListElement\":[{\"@type\":\"ListItem\",\"position\":1,\"name\":\"Portada\",\"item\":\"https:\/\/creakary.cl\/\"},{\"@type\":\"ListItem\",\"position\":2,\"name\":\"Tienda\",\"item\":\"https:\/\/creakary.cl\/index.php\/tienda\/\"},{\"@type\":\"ListItem\",\"position\":3,\"name\":\"Prendedor Chinchilla\"}]},{\"@type\":\"WebSite\",\"@id\":\"https:\/\/creakary.cl\/#website\",\"url\":\"https:\/\/creakary.cl\/\",\"name\":\"Crea Kary\",\"description\":\"Bordados a Mano\",\"potentialAction\":[{\"@type\":\"SearchAction\",\"target\":{\"@type\":\"EntryPoint\",\"urlTemplate\":\"https:\/\/creakary.cl\/?s={search_term_string}\"},\"query-input\":{\"@type\":\"PropertyValueSpecification\",\"valueRequired\":true,\"valueName\":\"search_term_string\"}}],\"inLanguage\":\"es\"}]}<\/script>\n<!-- \/ Yoast SEO plugin. -->","yoast_head_json":{"title":"Prendedor Chinchilla - Crea Kary","description":"Prendedor Chinchilla - Crea Kary","robots":{"index":"index","follow":"follow","max-snippet":"max-snippet:-1","max-image-preview":"max-image-preview:large","max-video-preview":"max-video-preview:-1"},"canonical":"https:\/\/creakary.cl\/index.php\/product\/prendedor-chinchilla\/","og_locale":"es_ES","og_type":"article","og_title":"Prendedor Chinchilla - Crea Kary","og_description":"Prendedor Chinchilla - Crea Kary","og_url":"https:\/\/creakary.cl\/index.php\/product\/prendedor-chinchilla\/","og_site_name":"Crea Kary","article_modified_time":"2026-02-03T17:50:47+00:00","og_image":[{"width":1909,"height":2560,"url":"https:\/\/creakary.cl\/wp-content\/uploads\/2025\/12\/20250716_144428-scaled.jpg","type":"image\/jpeg"}],"twitter_card":"summary_large_image","twitter_misc":{"Tiempo de lectura":"1 minuto"},"schema":{"@context":"https:\/\/schema.org","@graph":[{"@type":"WebPage","@id":"https:\/\/creakary.cl\/index.php\/product\/prendedor-chinchilla\/","url":"https:\/\/creakary.cl\/index.php\/product\/prendedor-chinchilla\/","name":"Prendedor Chinchilla - Crea Kary","isPartOf":{"@id":"https:\/\/creakary.cl\/#website"},"primaryImageOfPage":{"@id":"https:\/\/creakary.cl\/index.php\/product\/prendedor-chinchilla\/#primaryimage"},"image":{"@id":"https:\/\/creakary.cl\/index.php\/product\/prendedor-chinchilla\/#primaryimage"},"thumbnailUrl":"https:\/\/creakary.cl\/wp-content\/uploads\/2025\/12\/20250716_144428-scaled.jpg","datePublished":"2025-12-29T12:22:21+00:00","dateModified":"2026-02-03T17:50:47+00:00","description":"Prendedor Chinchilla - Crea Kary","breadcrumb":{"@id":"https:\/\/creakary.cl\/index.php\/product\/prendedor-chinchilla\/#breadcrumb"},"inLanguage":"es","potentialAction":[{"@type":"ReadAction","target":["https:\/\/creakary.cl\/index.php\/product\/prendedor-chinchilla\/"]}]},{"@type":"ImageObject","inLanguage":"es","@id":"https:\/\/creakary.cl\/index.php\/product\/prendedor-chinchilla\/#primaryimage","url":"https:\/\/creakary.cl\/wp-content\/uploads\/2025\/12\/20250716_144428-scaled.jpg","contentUrl":"https:\/\/creakary.cl\/wp-content\/uploads\/2025\/12\/20250716_144428-scaled.jpg","width":1909,"height":2560},{"@type":"BreadcrumbList","@id":"https:\/\/creakary.cl\/index.php\/product\/prendedor-chinchilla\/#breadcrumb","itemListElement":[{"@type":"ListItem","position":1,"name":"Portada","item":"https:\/\/creakary.cl\/"},{"@type":"ListItem","position":2,"name":"Tienda","item":"https:\/\/creakary.cl\/index.php\/tienda\/"},{"@type":"ListItem","position":3,"name":"Prendedor Chinchilla"}]},{"@type":"WebSite","@id":"https:\/\/creakary.cl\/#website","url":"https:\/\/creakary.cl\/","name":"Crea Kary","description":"Bordados a Mano","potentialAction":[{"@type":"SearchAction","target":{"@type":"EntryPoint","urlTemplate":"https:\/\/creakary.cl\/?s={search_term_string}"},"query-input":{"@type":"PropertyValueSpecification","valueRequired":true,"valueName":"search_term_string"}}],"inLanguage":"es"}]}},"_links":{"self":[{"href":"https:\/\/creakary.cl\/index.php\/wp-json\/wp\/v2\/product\/15932","targetHints":{"allow":["GET"]}}],"collection":[{"href":"https:\/\/creakary.cl\/index.php\/wp-json\/wp\/v2\/product"}],"about":[{"href":"https:\/\/creakary.cl\/index.php\/wp-json\/wp\/v2\/types\/product"}],"replies":[{"embeddable":true,"href":"https:\/\/creakary.cl\/index.php\/wp-json\/wp\/v2\/comments?post=15932"}],"version-history":[{"count":7,"href":"https:\/\/creakary.cl\/index.php\/wp-json\/wp\/v2\/product\/15932\/revisions"}],"predecessor-version":[{"id":16753,"href":"https:\/\/creakary.cl\/index.php\/wp-json\/wp\/v2\/product\/15932\/revisions\/16753"}],"wp:featuredmedia":[{"embeddable":true,"href":"https:\/\/creakary.cl\/index.php\/wp-json\/wp\/v2\/media\/16515"}],"wp:attachment":[{"href":"https:\/\/creakary.cl\/index.php\/wp-json\/wp\/v2\/media?parent=15932"}],"wp:term":[{"taxonomy":"product_brand","embeddable":true,"href":"https:\/\/creakary.cl\/index.php\/wp-json\/wp\/v2\/product_brand?post=15932"},{"taxonomy":"product_cat","embeddable":true,"href":"https:\/\/creakary.cl\/index.php\/wp-json\/wp\/v2\/product_cat?post=15932"},{"taxonomy":"product_tag","embeddable":true,"href":"https:\/\/creakary.cl\/index.php\/wp-json\/wp\/v2\/product_tag?post=15932"}],"curies":[{"name":"wp","href":"https:\/\/api.w.org\/{rel}","templated":true}]}}